{"id":5543,"date":"2025-11-08T11:46:53","date_gmt":"2025-11-08T10:46:53","guid":{"rendered":"https:\/\/schinken-selber-machen.com\/shop\/?post_type=product&#038;p=5543"},"modified":"2026-01-19T16:22:40","modified_gmt":"2026-01-19T15:22:40","slug":"buch-wurst-selber-machen-176-seiten","status":"publish","type":"product","link":"https:\/\/schinken-selber-machen.com\/shop\/produkt\/buch-wurst-selber-machen-176-seiten\/","title":{"rendered":"Buch Wurst selber machen 176 Seiten"},"content":{"rendered":"<p style=\"text-align: justify;\">Das Buch <em>&#8222;<strong>Wurst selber machen<\/strong><\/em>&#8220; ist die ultimative Anleitung f\u00fcr alle Wurstliebhaber. Mit 176 gedruckten Seiten im handlichen DIN A5 Format und einem Bonus eBook <em>&#8222;<strong>S\u00fclzen und Schachtspezialit\u00e4ten<\/strong>&#8222;<\/em>.<\/p>\n<p style=\"text-align: justify;\">Tauchen Sie ein in <strong>geballtes Praxiswissen aus 20 Jahren Erfahrung<\/strong> und profitieren Sie von <strong>100 erprobten und detaillierten Wurstrezepten<\/strong>. Alle Wurstrezepte sind mit nat\u00fcrlichen Zutaten und Gew\u00fcrzen versehen und k\u00f6nnen <strong>auch ohne Konservierungsstoffe oder chemische Zus\u00e4tze<\/strong> hergestellt werden.<\/p>\n<p style=\"text-align: justify;\">Dank der <strong>Schritt-f\u00fcr-Schritt Anleitungen<\/strong> in Wort und Bild wird Ihnen die Herstellung Ihrer eigenen W\u00fcrste spielend leicht fallen. Besonders hervorzuheben ist die <strong>XXL-R\u00e4ucheranleitung<\/strong>, die Ihnen zeigt, wie Sie Ihre selbstgemachte Wurst perfekt r\u00e4uchern k\u00f6nnen. Egal ob Sie ein Neuling sind oder bereits Erfahrung haben, mit diesem Buch ist Ihr Erfolg garantiert!<\/p>\n<p>Und sollten trotzdem nach dem Lesen tats\u00e4chlich noch Fragen sein, <strong>ich bin<\/strong> <strong>auch nach dem Kauf immer f\u00fcr Sie da<\/strong> und helfe Ihnen, versprochen!<br \/>\nNehmen Sie dazu einfach Kontakt mit mir auf.<\/p>\n<p><span style=\"text-decoration: underline;\"><strong>Das Buch im Detail:<\/strong><\/span><\/p>\n<p style=\"text-align: justify;\"><strong>Spezielle Kapitel und Rezepte f\u00fcr:<\/strong><\/p>\n<ul>\n<li style=\"text-align: justify;\"><strong>Bratw\u00fcrste<\/strong><\/li>\n<li style=\"text-align: justify;\"><strong>Br\u00fchw\u00fcrste<\/strong><\/li>\n<li style=\"text-align: justify;\"><strong>Kochw\u00fcrste<\/strong><\/li>\n<li style=\"text-align: justify;\"><strong>Salami<\/strong><\/li>\n<li style=\"text-align: justify;\"><strong>Mettw\u00fcrste\u00a0<\/strong><\/li>\n<\/ul>\n<p style=\"text-align: justify;\"><strong>Eine XXL-R\u00e4ucheranleitung rundet den Ratgeber perfekt ab.<\/strong><\/p>\n<p style=\"text-align: justify;\">Das Buch erkl\u00e4rt welche Arbeitsmittel man braucht und vermittelt wichtige Grundlagen, die Sie kennen sollten, bevor Sie sich ans Wursten machen k\u00f6nnen. Mit diesem Komplettkurs lernen Sie alles \u00fcber die richtige Auswahl des Fleisches, die verschiedenen Koch- und Br\u00fchzeiten, sowie alles, was Sie \u00fcber D\u00e4rme und Saitlinge wissen m\u00fcssen.<\/p>\n<p style=\"text-align: justify;\">Sie erhalten detaillierte Anleitungen, wie Sie W\u00fcrste richtig f\u00fcllen, was Sie unbedingt \u00fcber die Lagerung wissen m\u00fcssen, sowie eine Vielzahl an Tipps und Tricks.<\/p>\n<p><span style=\"text-decoration: underline;\"><span style=\"font-size: 14pt;\"><strong>Die Rezepte im \u00dcberblick:<\/strong><\/span><\/span><\/p>\n<p><span style=\"font-size: 14pt;\"><strong>Bratw\u00fcrste:<\/strong><\/span><\/p>\n<p><strong><img loading=\"lazy\" decoding=\"async\" class=\"alignnone wp-image-57\" src=\"https:\/\/wurst-selber-machen-starterset.wurst-rezept.de\/wp-content\/uploads\/2022\/11\/bratwuerste-300x159.jpg\" alt=\"Bratw\u00fcrste.\" width=\"175\" height=\"93\" \/><\/strong><\/p>\n<ul>\n<li>Bratwurst N\u00fcrnberger Art<\/li>\n<li>Curry-Paprika Bratwurst<\/li>\n<li>Feine Bauern-Bratwurst<\/li>\n<li>Grobe Bauern-Bratwurst Heuberger Art<\/li>\n<li>Grobe Bauern-Bratwurst<\/li>\n<li>Majoran Bratwurst<\/li>\n<li>Paprika Bratwurst mit K\u00fcmmel<\/li>\n<li>Paprikawurst herzhaft und scharf<\/li>\n<li>Paprika-Knoblauch Bratwurst<\/li>\n<li>Pilz Bratwurst<\/li>\n<li>Scharfe zitronige Wurst zum Anbraten oder Garen<\/li>\n<\/ul>\n<p><strong>Rezepte f\u00fcr Bratw\u00fcrste zum Trocknen<\/strong><\/p>\n<ul>\n<li>Bierbei\u00dfer<\/li>\n<li>Heuberger Dauerwurst<\/li>\n<li>Landj\u00e4ger Hausmacher Art<\/li>\n<li>Pfefferwurst<\/li>\n<\/ul>\n<p><strong>Bratwurst Spezialit\u00e4ten aus dem Ausland<\/strong><\/p>\n<ul>\n<li>Rohpolnische<\/li>\n<li>Urner Hauswurst<\/li>\n<li>Bratwurst aus Griechenland<\/li>\n<li>Hausfrauenwurst mediterrane Art<\/li>\n<li>Salsiccia original italienisch<\/li>\n<li>Sheftalia<\/li>\n<\/ul>\n<p><strong>Rezepte f\u00fcr Bratw\u00fcrste aus Wild<\/strong><\/p>\n<ul>\n<li>Lamm-Grillw\u00fcrstchen mediterrane Art<\/li>\n<li>Putenbratwurst<\/li>\n<li>Pikante Bratwurst vom Lamm<\/li>\n<li>Wildbratwurst<\/li>\n<li>Wildbratwurst mit B\u00e4rlauch<\/li>\n<\/ul>\n<p><span style=\"font-size: 14pt;\"><strong>Br\u00fchw\u00fcrste:<\/strong><\/span><\/p>\n<p><img loading=\"lazy\" decoding=\"async\" class=\"alignnone size-full wp-image-58\" src=\"https:\/\/wurst-selber-machen-starterset.wurst-rezept.de\/wp-content\/uploads\/2022\/11\/verschiedene_bruehwuerste.jpg\" alt=\"Verschiedene Br\u00fchw\u00fcrste.\" width=\"175\" height=\"108\" \/><\/p>\n<ul>\n<li>Bierschinken Bauern Art<\/li>\n<li>Fleischk\u00e4se<\/li>\n<li>K\u00e4sewurst<\/li>\n<li>Kochsalami<\/li>\n<li>Lyoner<\/li>\n<li>Leberk\u00e4se<\/li>\n<li>M\u00fcnchner Wei\u00dfwurst<\/li>\n<li>Rindswurst<\/li>\n<li>Saumagen Pf\u00e4lzer Art<\/li>\n<li>Saitenwurst, Wienerwurst, Knackwurst, Rote<\/li>\n<li>Schinkenwurst \/ ger\u00e4ucherte Schinkenwurst<\/li>\n<li>Th\u00fcringer K\u00fcmmelknackwurst<\/li>\n<\/ul>\n<p><strong>Br\u00fchwurst Spezialit\u00e4ten aus dem Ausland<\/strong><\/p>\n<ul>\n<li>Cabanossi<\/li>\n<li>Krakauer<\/li>\n<li>Mortadella<\/li>\n<\/ul>\n<p><strong>Rezepte f\u00fcr Br\u00fchw\u00fcrste aus Wild<\/strong><\/p>\n<ul>\n<li>Wild-Jagdwurst<\/li>\n<li>Wild-Bockwurst<\/li>\n<\/ul>\n<p><span style=\"font-size: 14pt;\"><strong>Kochw\u00fcrste:<\/strong><\/span><\/p>\n<p><img loading=\"lazy\" decoding=\"async\" class=\"alignnone size-full wp-image-59\" src=\"https:\/\/wurst-selber-machen-starterset.wurst-rezept.de\/wp-content\/uploads\/2022\/11\/wurstrezepte_fuer_kochwurst.jpg\" alt=\"Kochw\u00fcrste.\" width=\"175\" height=\"75\" \/><\/p>\n<ul>\n<li>Blutwurst mit Reis<\/li>\n<li>Semmelblutwurst<\/li>\n<li>Blutwurst rustikal<\/li>\n<li>Blutwurst Th\u00fcringer Art<\/li>\n<li>Hausmacherwurst im Glas<\/li>\n<li>Herz-Leberwurst<\/li>\n<li>Herzhafte Herz-Leberwurst<\/li>\n<li>Presswurst<\/li>\n<li>Schwarzwurst<\/li>\n<li>Wei\u00dfer Schwartenmagen<\/li>\n<li>Zungenwurst<\/li>\n<\/ul>\n<p><strong>Rezepte f\u00fcr streichf\u00e4hige Kochw\u00fcrste<\/strong><\/p>\n<p><img loading=\"lazy\" decoding=\"async\" class=\"alignnone size-full wp-image-60\" src=\"https:\/\/wurst-selber-machen-starterset.wurst-rezept.de\/wp-content\/uploads\/2022\/11\/streichleberwurst.jpg\" alt=\"Streichleberwurst.\" width=\"175\" height=\"94\" \/><\/p>\n<ul>\n<li>Deftige Leberwurst im Darm oder Glas<\/li>\n<li>Feine Streichleberwurst<\/li>\n<li>Ger\u00e4ucherte Streichleberwurst<\/li>\n<li>Grobe gekochte Streichmettwurst<\/li>\n<li>Hausmacher-Leberwurst<\/li>\n<li>Herzhafte Leberwurst<\/li>\n<li>Kartoffelwurst Pf\u00e4lzer Art<\/li>\n<li>Wellwurst aus Schlesien<\/li>\n<li>Zwiebel-Leberwurst<\/li>\n<\/ul>\n<p><strong>Rezepte f\u00fcr Pasteten<\/strong><\/p>\n<p><img loading=\"lazy\" decoding=\"async\" class=\"alignnone size-full wp-image-61\" src=\"https:\/\/wurst-selber-machen-starterset.wurst-rezept.de\/wp-content\/uploads\/2022\/11\/pasteten.jpg\" alt=\"Pasteten.\" width=\"175\" height=\"128\" \/><\/p>\n<ul>\n<li>Dill-Leberpastete<\/li>\n<li>Herzhafte Leberpastete im Glas<\/li>\n<li>Leberpastete<\/li>\n<li>Majoran Leberpastete im Glas<\/li>\n<li>Paprika-Leberpastete im Glas<\/li>\n<\/ul>\n<p><strong>Rezepte f\u00fcr Kochw\u00fcrste aus Wild<\/strong><\/p>\n<ul>\n<li>Franz\u00f6sische Hirschpastete im Glas<\/li>\n<li>Wild-Hasenleber im Glas<\/li>\n<li>Wildleberpastete<\/li>\n<li>Wildschweinleberwurst<\/li>\n<\/ul>\n<p><strong>Rezepte f\u00fcr Vesper\ufb02eisch<\/strong><\/p>\n<ul>\n<li>Eisbein im Glas<\/li>\n<li>Schmalz\ufb02eisch<\/li>\n<li>Vesper\ufb02eisch Th\u00fcringer-Art<\/li>\n<\/ul>\n<p><span style=\"font-size: 14pt;\"><strong>Salami und Schnittfeste Rohw\u00fcrste:<\/strong><\/span><\/p>\n<p><img loading=\"lazy\" decoding=\"async\" class=\"alignnone size-medium wp-image-62\" src=\"https:\/\/wurst-selber-machen-starterset.wurst-rezept.de\/wp-content\/uploads\/2022\/11\/salami-300x90.jpg\" alt=\"3 angeschnittene Salami.\" width=\"300\" height=\"90\" \/><\/p>\n<div align=\"left\">\n<ul>\n<li>Grundrezept f\u00fcr Salami<\/li>\n<li>Delikate Salami<\/li>\n<li>Rindersalami<\/li>\n<li>Rustikale Wintersalami<\/li>\n<li>Rustikale Salami<\/li>\n<li>Salami polnische Art<\/li>\n<li>Trockenwurst<\/li>\n<\/ul>\n<\/div>\n<div align=\"left\">\n<p><strong>Rezepte f\u00fcr schnittfeste Rohw\u00fcrste aus Wild<\/strong><\/p>\n<ul>\n<li>Franz\u00f6sische Wildschwein-Salami<\/li>\n<li>Heuberger Reh-Salami<\/li>\n<li>Hirsch-Salami Oberburger Art<\/li>\n<li>Hirten-Salami<\/li>\n<li>Wald-Salami<\/li>\n<li>Wild oder Schaf-Salami<\/li>\n<li>Wildschwein-Salami<\/li>\n<\/ul>\n<p><span style=\"font-size: 14pt;\"><strong>Streichf\u00e4hige Mettw\u00fcrste:<\/strong><\/span><\/p>\n<p><img loading=\"lazy\" decoding=\"async\" class=\"alignnone size-full wp-image-63\" src=\"https:\/\/wurst-selber-machen-starterset.wurst-rezept.de\/wp-content\/uploads\/2022\/11\/mettwurst.jpg\" alt=\"Mettwurst.\" width=\"175\" height=\"70\" \/><\/p>\n<ul>\n<li>Grobe Mettwurst<\/li>\n<li>Mettwurst feine Art<\/li>\n<li>Mettwurst westf\u00e4lische Art<\/li>\n<li>Schweine Mettwurst Hausmacher Art<\/li>\n<li>Teewurst<\/li>\n<li>Teewurst polnische Art<\/li>\n<li>Weichwurst mit Paprika<\/li>\n<li>Zwiebelmettwurst Heuberger Art<\/li>\n<\/ul>\n<p><strong>Rezepte f\u00fcr streichf\u00e4hige Mettw\u00fcrste aus Wild<\/strong><\/p>\n<ul>\n<li>Wildmettwurst<\/li>\n<li>Wildteewurst<\/li>\n<\/ul>\n<p><img loading=\"lazy\" decoding=\"async\" class=\"alignnone size-full wp-image-191\" src=\"https:\/\/wurst-selber-machen-starterset.wurst-rezept.de\/wp-content\/uploads\/2022\/11\/wurstbuch-bonus.jpg\" alt=\"Bonus E-Book zum Buch Wurst selber machen.\" width=\"212\" height=\"300\" \/><\/p>\n<p><span style=\"font-size: 14pt;\"><strong>Inhaltsverzeichnis des Bonus eBook &#8222;S\u00fclzen und Schlachtspezialit\u00e4ten&#8220;<\/strong><\/span><\/p>\n<ul>\n<li>Eisbein<\/li>\n<li>Vespers\u00fclze<\/li>\n<li>Tellers\u00fclze<\/li>\n<li>Sulzwurst<\/li>\n<li>Sch\u00e4ufele badische Art<\/li>\n<li>Sch\u00e4ufele fr\u00e4nkische Art<\/li>\n<li>Kesselfleisch<\/li>\n<li>Schw\u00e4bische Schlachtplatte<\/li>\n<\/ul>\n<p><strong>Worauf warten Sie noch? Greifen Sie jetzt zu und profitieren Sie auf vielfache Weise!<\/strong><\/p>\n<\/div>\n","protected":false},"excerpt":{"rendered":"<p>176 Seiten als DIN A5 Taschenbuch + Bonus eBook.<\/p>\n","protected":false},"featured_media":5568,"comment_status":"closed","ping_status":"closed","template":"","meta":[],"product_brand":[],"product_cat":[41],"product_tag":[42],"class_list":{"0":"post-5543","1":"product","2":"type-product","3":"status-publish","4":"has-post-thumbnail","6":"product_cat-gedruckte-buecher","7":"product_tag-wurst-selber-machen-buch","8":"product_shipping_class-buecherversand","9":"","10":"woocommerce-text-align-center","11":"woocommerce-image-align-center","12":"do-quantity-buttons","14":"first","15":"instock","16":"downloadable","17":"taxable","18":"shipping-taxable","19":"purchasable","20":"product-type-simple"},"_links":{"self":[{"href":"https:\/\/schinken-selber-machen.com\/shop\/wp-json\/wp\/v2\/product\/5543","targetHints":{"allow":["GET"]}}],"collection":[{"href":"https:\/\/schinken-selber-machen.com\/shop\/wp-json\/wp\/v2\/product"}],"about":[{"href":"https:\/\/schinken-selber-machen.com\/shop\/wp-json\/wp\/v2\/types\/product"}],"replies":[{"embeddable":true,"href":"https:\/\/schinken-selber-machen.com\/shop\/wp-json\/wp\/v2\/comments?post=5543"}],"wp:featuredmedia":[{"embeddable":true,"href":"https:\/\/schinken-selber-machen.com\/shop\/wp-json\/wp\/v2\/media\/5568"}],"wp:attachment":[{"href":"https:\/\/schinken-selber-machen.com\/shop\/wp-json\/wp\/v2\/media?parent=5543"}],"wp:term":[{"taxonomy":"product_brand","embeddable":true,"href":"https:\/\/schinken-selber-machen.com\/shop\/wp-json\/wp\/v2\/product_brand?post=5543"},{"taxonomy":"product_cat","embeddable":true,"href":"https:\/\/schinken-selber-machen.com\/shop\/wp-json\/wp\/v2\/product_cat?post=5543"},{"taxonomy":"product_tag","embeddable":true,"href":"https:\/\/schinken-selber-machen.com\/shop\/wp-json\/wp\/v2\/product_tag?post=5543"}],"curies":[{"name":"wp","href":"https:\/\/api.w.org\/{rel}","templated":true}]}}